{"id":10,"date":"2018-03-04T19:53:02","date_gmt":"2018-03-04T18:53:02","guid":{"rendered":"http:\/\/brasserieduperche.com\/?page_id=10"},"modified":"2026-04-21T22:33:27","modified_gmt":"2026-04-21T20:33:27","slug":"la-brasserie","status":"publish","type":"page","link":"https:\/\/www.brasserieduperche.com\/en\/","title":{"rendered":"Accueil microbrasserie"},"content":{"rendered":"<p style=\"text-align: center;\"><\/p>\n<h3 style=\"text-align: center;\">A beer with friends taste better by the water!<\/h3>\n<p>One eye on a heron or kingfisher bird, the other on your plate of locally prepared food and your hand on a glass of craft beer poured straight from our tanks! Our brewery, located in a 17th-century mill, is part of the Ch\u00e2teau de Miserai estate in the Perche Regional Natural Park, 1 hour and 30 minutes from Paris.<\/p>\n<h3 style=\"text-align: center;\"><a href=\"https:\/\/www.brasserieduperche.com\/en\/le-perche-terre-de-legendes\/\">La Brasserie du Perche L\u00e9gendaire\u2026<\/a><\/h3>\n<p>Our region abounds with legends and mythical stories full of wizards, witches, alchemists, magic, and supernatural elements that maintain its charm and mystery. Our range of beers, inspired by these fantastical characters, allows us to share this local cultural heritage with you.<\/p>\n<p style=\"text-align: center;\"><a href=\"https:\/\/www.youtube.com\/watch?v=8Mzj6DmwhNk\" target=\"_blank\" rel=\"noopener\"><img loading=\"lazy\" decoding=\"async\" class=\"aligncenter wp-image-10861\" src=\"https:\/\/www.brasserieduperche.com\/wp-content\/uploads\/2026\/02\/VIDEOMISERAI-300x156.jpg\" alt=\"\" width=\"479\" height=\"249\" srcset=\"https:\/\/www.brasserieduperche.com\/wp-content\/uploads\/2026\/02\/VIDEOMISERAI-300x156.jpg 300w, https:\/\/www.brasserieduperche.com\/wp-content\/uploads\/2026\/02\/VIDEOMISERAI-18x9.jpg 18w, https:\/\/www.brasserieduperche.com\/wp-content\/uploads\/2026\/02\/VIDEOMISERAI.jpg 478w\" sizes=\"auto, (max-width: 479px) 100vw, 479px\" \/><\/a><\/p>\n<p><a href=\"https:\/\/www.brasserieduperche.com\/en\/playall\/\"><img loading=\"lazy\" decoding=\"async\" class=\"aligncenter wp-image-10878\" src=\"https:\/\/www.brasserieduperche.com\/wp-content\/uploads\/2026\/02\/echos-du-perche-300x200.png\" alt=\"\" width=\"481\" height=\"321\" srcset=\"https:\/\/www.brasserieduperche.com\/wp-content\/uploads\/2026\/02\/echos-du-perche-300x200.png 300w, https:\/\/www.brasserieduperche.com\/wp-content\/uploads\/2026\/02\/echos-du-perche-1024x683.png 1024w, https:\/\/www.brasserieduperche.com\/wp-content\/uploads\/2026\/02\/echos-du-perche-768x512.png 768w, https:\/\/www.brasserieduperche.com\/wp-content\/uploads\/2026\/02\/echos-du-perche-18x12.png 18w, https:\/\/www.brasserieduperche.com\/wp-content\/uploads\/2026\/02\/echos-du-perche-600x400.png 600w, https:\/\/www.brasserieduperche.com\/wp-content\/uploads\/2026\/02\/echos-du-perche.png 1536w\" sizes=\"auto, (max-width: 481px) 100vw, 481px\" \/><\/a><\/p>\n<h5 style=\"text-align: center;\"><a href=\"https:\/\/www.brasserieduperche.com\/en\/playall\/\">Listen to the songs of the Legendary Perche Region<\/a><\/h5>\n<p style=\"text-align: center;\"><a href=\"https:\/\/www.brasserieduperche.com\/en\/newsletter\/\"><img loading=\"lazy\" decoding=\"async\" class=\"aligncenter wp-image-10888\" src=\"https:\/\/www.brasserieduperche.com\/wp-content\/uploads\/2026\/02\/newsletter-300x86.jpg\" alt=\"\" width=\"485\" height=\"139\" srcset=\"https:\/\/www.brasserieduperche.com\/wp-content\/uploads\/2026\/02\/newsletter-300x86.jpg 300w, https:\/\/www.brasserieduperche.com\/wp-content\/uploads\/2026\/02\/newsletter-1024x295.jpg 1024w, https:\/\/www.brasserieduperche.com\/wp-content\/uploads\/2026\/02\/newsletter-768x221.jpg 768w, https:\/\/www.brasserieduperche.com\/wp-content\/uploads\/2026\/02\/newsletter-18x5.jpg 18w, https:\/\/www.brasserieduperche.com\/wp-content\/uploads\/2026\/02\/newsletter-600x173.jpg 600w, https:\/\/www.brasserieduperche.com\/wp-content\/uploads\/2026\/02\/newsletter.jpg 1460w\" sizes=\"auto, (max-width: 485px) 100vw, 485px\" \/><\/a><\/p>\n<div dir=\"ltr\" style=\"text-align: center;\" data-mode=\"id\"><\/div>","protected":false},"excerpt":{"rendered":"<p>Une bi\u00e8re entre amis est meilleure au bord de l&rsquo;eau&#8230; Un oeil sur un h\u00e9ron ou un martin p\u00eacheur, l&rsquo;autre sur votre assiette de plat r\u00e9gional et la main sur un verre de bi\u00e8re artisanale tir\u00e9 directement de nos cuves! &hellip; <a href=\"https:\/\/www.brasserieduperche.com\/en\/\">Continued<\/a><\/p>","protected":false},"author":1,"featured_media":0,"parent":0,"menu_order":0,"comment_status":"closed","ping_status":"closed","template":"page-fullwidth.php","meta":{"footnotes":""},"class_list":["post-10","page","type-page","status-publish","hentry"],"_links":{"self":[{"href":"https:\/\/www.brasserieduperche.com\/en\/wp-json\/wp\/v2\/pages\/10","targetHints":{"allow":["GET"]}}],"collection":[{"href":"https:\/\/www.brasserieduperche.com\/en\/wp-json\/wp\/v2\/pages"}],"about":[{"href":"https:\/\/www.brasserieduperche.com\/en\/wp-json\/wp\/v2\/types\/page"}],"author":[{"embeddable":true,"href":"https:\/\/www.brasserieduperche.com\/en\/wp-json\/wp\/v2\/users\/1"}],"replies":[{"embeddable":true,"href":"https:\/\/www.brasserieduperche.com\/en\/wp-json\/wp\/v2\/comments?post=10"}],"version-history":[{"count":41,"href":"https:\/\/www.brasserieduperche.com\/en\/wp-json\/wp\/v2\/pages\/10\/revisions"}],"predecessor-version":[{"id":11292,"href":"https:\/\/www.brasserieduperche.com\/en\/wp-json\/wp\/v2\/pages\/10\/revisions\/11292"}],"wp:attachment":[{"href":"https:\/\/www.brasserieduperche.com\/en\/wp-json\/wp\/v2\/media?parent=10"}],"curies":[{"name":"wp","href":"https:\/\/api.w.org\/{rel}","templated":true}]}}