{"id":11531,"date":"2026-05-10T01:04:05","date_gmt":"2026-05-09T23:04:05","guid":{"rendered":"https:\/\/www.brasserieduperche.com\/?page_id=11531"},"modified":"2026-05-10T16:19:50","modified_gmt":"2026-05-10T14:19:50","slug":"calvador-2","status":"publish","type":"page","link":"https:\/\/www.brasserieduperche.com\/en\/calvador-2\/","title":{"rendered":"Calvador"},"content":{"rendered":"<h2 style=\"text-align: center;\"><\/h2>\n<h2 style=\"text-align: center;\"><span style=\"font-size: 24pt;\">Calvad&rsquo;or<\/span><\/h2>\n<p><img loading=\"lazy\" decoding=\"async\" class=\"aligncenter size-medium wp-image-11534\" src=\"https:\/\/www.brasserieduperche.com\/wp-content\/uploads\/2026\/05\/Calvador-Mure-Cassis-243x300.jpg\" alt=\"\" width=\"243\" height=\"300\" srcset=\"https:\/\/www.brasserieduperche.com\/wp-content\/uploads\/2026\/05\/Calvador-Mure-Cassis-243x300.jpg 243w, https:\/\/www.brasserieduperche.com\/wp-content\/uploads\/2026\/05\/Calvador-Mure-Cassis-10x12.jpg 10w, https:\/\/www.brasserieduperche.com\/wp-content\/uploads\/2026\/05\/Calvador-Mure-Cassis-600x739.jpg 600w, https:\/\/www.brasserieduperche.com\/wp-content\/uploads\/2026\/05\/Calvador-Mure-Cassis.jpg 654w\" sizes=\"auto, (max-width: 243px) 100vw, 243px\" \/><\/p>\n<p class=\"cvGsUA direction-ltr align-center para-style-body\"><span class=\"a_GcMg font-feature-liga-off font-feature-clig-off font-feature-calt-off text-decoration-none text-strikethrough-none\">Calvados cocktails\u2014or *Calvados arrang\u00e9s*\u2014help make this spirit more accessible. We seek to breathe new life into our region's traditional products by creating a refreshing drink that is easy to enjoy.<\/span><\/p>\n<p class=\"cvGsUA direction-ltr align-center para-style-body\" style=\"text-align: center;\"><span class=\"a_GcMg font-feature-liga-off font-feature-clig-off font-feature-calt-off text-decoration-none text-strikethrough-none\">Why Calvad\u2019or? <\/span><\/p>\n<p class=\"cvGsUA direction-ltr align-center para-style-body\"><span class=\"a_GcMg font-feature-liga-off font-feature-clig-off font-feature-calt-off text-decoration-none text-strikethrough-none\">In 1588, the ship *San Salvador* part of the Armada of Philip II of Spain, sank near the coast of Normandy, lending its name to the rock upon which it ran aground. Over time, the *Rocher de Salvador* became the *Rocher de Calvador*, and subsequently, the *Rocher de Calvados*.<\/span><\/p>\n<p class=\"cvGsUA direction-ltr align-center para-style-body\"><img loading=\"lazy\" decoding=\"async\" class=\"aligncenter size-medium wp-image-11533\" src=\"https:\/\/www.brasserieduperche.com\/wp-content\/uploads\/2026\/05\/Calvador-Groseille-Framboise-244x300.jpg\" alt=\"\" width=\"244\" height=\"300\" srcset=\"https:\/\/www.brasserieduperche.com\/wp-content\/uploads\/2026\/05\/Calvador-Groseille-Framboise-244x300.jpg 244w, https:\/\/www.brasserieduperche.com\/wp-content\/uploads\/2026\/05\/Calvador-Groseille-Framboise-10x12.jpg 10w, https:\/\/www.brasserieduperche.com\/wp-content\/uploads\/2026\/05\/Calvador-Groseille-Framboise-600x739.jpg 600w, https:\/\/www.brasserieduperche.com\/wp-content\/uploads\/2026\/05\/Calvador-Groseille-Framboise.jpg 645w\" sizes=\"auto, (max-width: 244px) 100vw, 244px\" \/><\/p>\n<p>Calvados arrang\u00e9 represents a delightful fusion of traditional Norman terroir and a more exotic technique. It is a beverage that modernizes the sometimes classic image of Calvados, infusing it with both indulgence and originality. Faced with the immense commercial success of *rhums arrang\u00e9s* (spiced rums), several Norman producers and artisans conceived the idea of \u200b\u200bapplying this very same recipe to their own emblematic spirit: Calvados. The objective was twofold:<\/p>\n<ul>\n<li style=\"list-style-type: none;\">\n<ul>\n<li>Dusting off the image of Calvados: Often perceived as a potent digestif, the \"Trou Normand\", reserved for the end of traditional meals.<\/li>\n<li>Attracting a new audience: Young consumers, who are fonder of smooth, fruity, and sweet spirits.<\/li>\n<\/ul>\n<\/li>\n<\/ul>\n<p>Calvados arrang\u00e9 is a spirit-based liqueur, typically ranging between 30% and 35% alcohol by volume. However, we decided to take a different approach in order to create a drink that does not exceed 15%.<\/p>\n<p>Nous utilisons un Calvados jeune de 2 ans d&rsquo;\u00e2ge. En effet, un Calvados trop vieux, tr\u00e8s marqu\u00e9 par le bois de ch\u00eane et les tanins, \u00e9craserait les ar\u00f4mes des fruits. Le Calvados jeune offre une base vive, sur la pomme fra\u00eeche, parfaite pour une boisson qui se boit aussi facilement que le vin.\u00a0Il n&rsquo;y a pas de limite \u00e0 la cr\u00e9ativit\u00e9, mais nous offrons les parfums suivants\u00a0qui subliment parfaitement le profil naturel de la pomme:<\/p>\n<ul>\n<li style=\"list-style-type: none;\">\n<ul>\n<li>Apple-Lemon,<\/li>\n<li>Redcurrant &amp; Raspberry<\/li>\n<li>Blackberry &amp; Blackcurrant<\/li>\n<\/ul>\n<\/li>\n<\/ul>\n<p>The contrast between the Norman apple and the fruits is often surprising and highly appreciated.<\/p>\n<p>Flavor Profile and Tasting:<\/p>\n<ul>\n<li style=\"list-style-type: none;\">\n<ul>\n<li>On the palate: This is a truly indulgent drink. The original apple remains present as an underlying thread, yet it is enveloped by the sweetness and fruit aromas. The alcohol is softened, eliminating the \"burning\" sensation typical of pure eaux-de-vie.<\/li>\n<li>How should you drink it? Calvad'or is excellent as an aperitif, served chilled, or even over ice. It also pairs beautifully with desserts.<\/li>\n<\/ul>\n<\/li>\n<\/ul>\n<p><img decoding=\"async\" class=\"aligncenter\" src=\"https:\/\/www.brasserieduperche.com\/wp-content\/uploads\/2026\/05\/Calvador-Pomme-Citron-246x300.jpg\" \/><\/p>\n<p>&nbsp;<\/p>","protected":false},"excerpt":{"rendered":"<p>Calvad&rsquo;or Les cocktails au Calvados ou calvados arrang\u00e9s permettent de rendre cette eau-de-vie plus accessible. Nous cherchons \u00e0 donner un nouvel \u00e9lan aux produits traditionnels de notre r\u00e9gion en cr\u00e9ant une boisson rafraichissante et facile \u00e0 d\u00e9guster. Pourquoi Calvad&rsquo;or? En &hellip; <a href=\"https:\/\/www.brasserieduperche.com\/en\/calvador-2\/\">Continued<\/a><\/p>","protected":false},"author":1,"featured_media":0,"parent":0,"menu_order":0,"comment_status":"closed","ping_status":"closed","template":"","meta":{"footnotes":""},"class_list":["post-11531","page","type-page","status-publish","hentry"],"_links":{"self":[{"href":"https:\/\/www.brasserieduperche.com\/en\/wp-json\/wp\/v2\/pages\/11531","targetHints":{"allow":["GET"]}}],"collection":[{"href":"https:\/\/www.brasserieduperche.com\/en\/wp-json\/wp\/v2\/pages"}],"about":[{"href":"https:\/\/www.brasserieduperche.com\/en\/wp-json\/wp\/v2\/types\/page"}],"author":[{"embeddable":true,"href":"https:\/\/www.brasserieduperche.com\/en\/wp-json\/wp\/v2\/users\/1"}],"replies":[{"embeddable":true,"href":"https:\/\/www.brasserieduperche.com\/en\/wp-json\/wp\/v2\/comments?post=11531"}],"version-history":[{"count":4,"href":"https:\/\/www.brasserieduperche.com\/en\/wp-json\/wp\/v2\/pages\/11531\/revisions"}],"predecessor-version":[{"id":11556,"href":"https:\/\/www.brasserieduperche.com\/en\/wp-json\/wp\/v2\/pages\/11531\/revisions\/11556"}],"wp:attachment":[{"href":"https:\/\/www.brasserieduperche.com\/en\/wp-json\/wp\/v2\/media?parent=11531"}],"curies":[{"name":"wp","href":"https:\/\/api.w.org\/{rel}","templated":true}]}}