{"id":7046,"date":"2023-06-25T17:39:53","date_gmt":"2023-06-25T16:39:53","guid":{"rendered":"https:\/\/brasserieduperche.com\/?page_id=7046"},"modified":"2025-06-08T22:26:27","modified_gmt":"2025-06-08T20:26:27","slug":"legende-mortegriffe","status":"publish","type":"page","link":"https:\/\/www.brasserieduperche.com\/en\/legende-mortegriffe\/","title":{"rendered":"L\u00e9gende Mortegriffe"},"content":{"rendered":"<h3 style=\"text-align: center;\"><a href=\"https:\/\/www.brasserieduperche.com\/en\/le-perche-terre-de-legendes\/\">L\u00e9gendes Percheronnes<\/a><\/h3>\n<p style=\"text-align: center;\"><a href=\"https:\/\/www.brasserieduperche.com\/wp-content\/uploads\/2025\/02\/Mortegriffe-Macaron-final-2.jpg\"><img loading=\"lazy\" decoding=\"async\" class=\"aligncenter size-medium wp-image-9857\" src=\"https:\/\/www.brasserieduperche.com\/wp-content\/uploads\/2025\/02\/Mortegriffe-Macaron-final-2-300x233.jpg\" alt=\"\" width=\"300\" height=\"233\" srcset=\"https:\/\/www.brasserieduperche.com\/wp-content\/uploads\/2025\/02\/Mortegriffe-Macaron-final-2-300x233.jpg 300w, https:\/\/www.brasserieduperche.com\/wp-content\/uploads\/2025\/02\/Mortegriffe-Macaron-final-2-1024x795.jpg 1024w, https:\/\/www.brasserieduperche.com\/wp-content\/uploads\/2025\/02\/Mortegriffe-Macaron-final-2-768x596.jpg 768w, https:\/\/www.brasserieduperche.com\/wp-content\/uploads\/2025\/02\/Mortegriffe-Macaron-final-2-1536x1193.jpg 1536w, https:\/\/www.brasserieduperche.com\/wp-content\/uploads\/2025\/02\/Mortegriffe-Macaron-final-2-15x12.jpg 15w, https:\/\/www.brasserieduperche.com\/wp-content\/uploads\/2025\/02\/Mortegriffe-Macaron-final-2-600x466.jpg 600w, https:\/\/www.brasserieduperche.com\/wp-content\/uploads\/2025\/02\/Mortegriffe-Macaron-final-2.jpg 2000w\" sizes=\"auto, (max-width: 300px) 100vw, 300px\" \/><\/a><\/p>\n<p>Dans les contr\u00e9es profondes du pays du Perche, il y a fort longtemps, vit une sorci\u00e8re nomm\u00e9e \u00ab\u00a0Mortegriffe\u00a0\u00bb.<\/p>\n<p>Apr\u00e8s moult malveillances funestes, elle est br\u00fbl\u00e9e et ses restes enterr\u00e9s dans la for\u00eat.\u00a0Au m\u00eame emplacement, des si\u00e8cles plus tard, une chapelle est \u00e9difi\u00e9e, scellant ainsi d\u2019un caract\u00e8re sacr\u00e9 cette tombe de fortune\u2026<\/p>\n<p>Les ann\u00e9es passent\u2026 Apr\u00e8s la seconde guerre mondiale, un paysan d\u00e9truit la chapelle, devenue v\u00e9tuste et qui menace de s\u2019\u00e9crouler, mais lib\u00e8re du m\u00eame coup les forces du mal ! Mortegriffe, revenue du pays des morts, retourne au village \u00e0 l\u2019\u00e9poque de son martyre et jette un sort aux habitants qui s\u2019endorment pour l\u2019\u00e9ternit\u00e9, tous\u2026 sauf deux jeunes enfants et un myst\u00e9rieux personnage.\u00a0Ils traversent le temps et l\u2019espace au gr\u00e9 de nombreuses aventures et recueillent les ingr\u00e9dients n\u00e9cessaires \u00e0 la r\u00e9alisation d\u2019une potion qui va lever la mal\u00e9diction.<\/p>\n<p>Pascal Le Long est sc\u00e9nariste et metteur en sc\u00e8ne du spectacle son et lumi\u00e8re Mortegriffe. Nous allons essayer de le convaincre d&rsquo;organiser une adaptation du spectacle sur le site de la Brasserie du Perche!<\/p>","protected":false},"excerpt":{"rendered":"<p>L\u00e9gendes Percheronnes Dans les contr\u00e9es profondes du pays du Perche, il y a fort longtemps, vit une sorci\u00e8re nomm\u00e9e \u00ab\u00a0Mortegriffe\u00a0\u00bb. Apr\u00e8s moult malveillances funestes, elle est br\u00fbl\u00e9e et ses restes enterr\u00e9s dans la for\u00eat.\u00a0Au m\u00eame emplacement, des si\u00e8cles plus tard, &hellip; <a href=\"https:\/\/www.brasserieduperche.com\/en\/legende-mortegriffe\/\">Continued<\/a><\/p>","protected":false},"author":1,"featured_media":0,"parent":0,"menu_order":0,"comment_status":"closed","ping_status":"closed","template":"","meta":{"footnotes":""},"class_list":["post-7046","page","type-page","status-publish","hentry"],"_links":{"self":[{"href":"https:\/\/www.brasserieduperche.com\/en\/wp-json\/wp\/v2\/pages\/7046","targetHints":{"allow":["GET"]}}],"collection":[{"href":"https:\/\/www.brasserieduperche.com\/en\/wp-json\/wp\/v2\/pages"}],"about":[{"href":"https:\/\/www.brasserieduperche.com\/en\/wp-json\/wp\/v2\/types\/page"}],"author":[{"embeddable":true,"href":"https:\/\/www.brasserieduperche.com\/en\/wp-json\/wp\/v2\/users\/1"}],"replies":[{"embeddable":true,"href":"https:\/\/www.brasserieduperche.com\/en\/wp-json\/wp\/v2\/comments?post=7046"}],"version-history":[{"count":7,"href":"https:\/\/www.brasserieduperche.com\/en\/wp-json\/wp\/v2\/pages\/7046\/revisions"}],"predecessor-version":[{"id":10357,"href":"https:\/\/www.brasserieduperche.com\/en\/wp-json\/wp\/v2\/pages\/7046\/revisions\/10357"}],"wp:attachment":[{"href":"https:\/\/www.brasserieduperche.com\/en\/wp-json\/wp\/v2\/media?parent=7046"}],"curies":[{"name":"wp","href":"https:\/\/api.w.org\/{rel}","templated":true}]}}