{"id":6387,"date":"2023-03-12T16:44:03","date_gmt":"2023-03-12T15:44:03","guid":{"rendered":"https:\/\/brasserieduperche.com\/?post_type=product&#038;p=6387"},"modified":"2025-01-10T20:10:56","modified_gmt":"2025-01-10T19:10:56","slug":"coule-douce-ipa","status":"publish","type":"product","link":"https:\/\/www.brasserieduperche.com\/en\/product\/coule-douce-ipa\/","title":{"rendered":"Coule Douce IPA"},"content":{"rendered":"<p>La signification d\u2019IPA\u00a0est assez simple<strong>,<\/strong>\u00a0cet acronyme veut dire\u00a0India Pale Ale! George Hodgson, un brasseur Anglais exportait des bi\u00e8res Pale Ale en Inde, cependant, elles supportaient difficilement le long voyage. Il aurait alors d\u00e9couvert qu\u2019un taux d\u2019alcool plus \u00e9lev\u00e9 combin\u00e9 \u00e0 un ajout de houblon important, permettaient de mieux conserver les bi\u00e8res durant le long voyage.<\/p>","protected":false},"excerpt":{"rendered":"<p>La particularit\u00e9 des bi\u00e8res IPA vient du go\u00fbt amer prononc\u00e9 qui vient du houblon. Cette belle plante apporte trois propri\u00e9t\u00e9s essentielles \u00e0 la bi\u00e8re :<\/p>\n<ul>\n<li>L\u2019amertume, c\u2019est ce qui est particuli\u00e8rement recherch\u00e9 dans les bi\u00e8res IPA.<\/li>\n<li>Des ar\u00f4mes, diff\u00e9rents en fonction la vari\u00e9t\u00e9 de houblon : herbac\u00e9s, fruits tropicaux, \u00e9pic\u00e9s, agrumes etc.<\/li>\n<li>Elle permet de mieux conserver la bi\u00e8re et de la prot\u00e9ger des bact\u00e9ries.<\/li>\n<\/ul>\n<p>&nbsp;<\/p>","protected":false},"featured_media":7269,"template":"","meta":[],"product_brand":[],"product_cat":[47],"product_tag":[],"class_list":{"0":"post-6387","1":"product","2":"type-product","3":"status-publish","4":"has-post-thumbnail","6":"product_cat-bouteilles-a-emporter","8":"first","9":"outofstock","10":"shipping-taxable","11":"product-type-variable","12":"has-default-attributes"},"_links":{"self":[{"href":"https:\/\/www.brasserieduperche.com\/en\/wp-json\/wp\/v2\/product\/6387","targetHints":{"allow":["GET"]}}],"collection":[{"href":"https:\/\/www.brasserieduperche.com\/en\/wp-json\/wp\/v2\/product"}],"about":[{"href":"https:\/\/www.brasserieduperche.com\/en\/wp-json\/wp\/v2\/types\/product"}],"wp:featuredmedia":[{"embeddable":true,"href":"https:\/\/www.brasserieduperche.com\/en\/wp-json\/wp\/v2\/media\/7269"}],"wp:attachment":[{"href":"https:\/\/www.brasserieduperche.com\/en\/wp-json\/wp\/v2\/media?parent=6387"}],"wp:term":[{"taxonomy":"product_brand","embeddable":true,"href":"https:\/\/www.brasserieduperche.com\/en\/wp-json\/wp\/v2\/product_brand?post=6387"},{"taxonomy":"product_cat","embeddable":true,"href":"https:\/\/www.brasserieduperche.com\/en\/wp-json\/wp\/v2\/product_cat?post=6387"},{"taxonomy":"product_tag","embeddable":true,"href":"https:\/\/www.brasserieduperche.com\/en\/wp-json\/wp\/v2\/product_tag?post=6387"}],"curies":[{"name":"wp","href":"https:\/\/api.w.org\/{rel}","templated":true}]}}