{"id":6475,"date":"2023-03-23T22:45:42","date_gmt":"2023-03-23T21:45:42","guid":{"rendered":"https:\/\/brasserieduperche.com\/?post_type=product&#038;p=6475"},"modified":"2026-03-20T17:12:40","modified_gmt":"2026-03-20T16:12:40","slug":"pate-a-truite","status":"publish","type":"product","link":"https:\/\/www.brasserieduperche.com\/en\/product\/pate-a-truite\/","title":{"rendered":"P\u00e2te a truite"},"content":{"rendered":"","protected":false},"excerpt":{"rendered":"<p><span class=\"ILfuVd\" lang=\"fr\"><span class=\"hgKElc\">Accrocher sur l&rsquo;hame\u00e7on un morceau de p\u00e2te ou un app\u00e2t naturel (sauterelle, vers\u2026). Tenez compte de la position des poissons dans le plan d&rsquo;eau, au fond, ou en surface ? Pour cela vous pouvez vous fier \u00e0 la m\u00e9t\u00e9o, et donc aux conditions de pression atmosph\u00e9rique.<\/span><\/span><\/p>","protected":false},"featured_media":6476,"template":"","meta":[],"product_brand":[],"product_cat":[83],"product_tag":[],"class_list":{"0":"post-6475","1":"product","2":"type-product","3":"status-publish","4":"has-post-thumbnail","6":"product_cat-peche","8":"first","9":"outofstock","10":"virtual","11":"purchasable","12":"product-type-simple"},"_links":{"self":[{"href":"https:\/\/www.brasserieduperche.com\/en\/wp-json\/wp\/v2\/product\/6475","targetHints":{"allow":["GET"]}}],"collection":[{"href":"https:\/\/www.brasserieduperche.com\/en\/wp-json\/wp\/v2\/product"}],"about":[{"href":"https:\/\/www.brasserieduperche.com\/en\/wp-json\/wp\/v2\/types\/product"}],"wp:featuredmedia":[{"embeddable":true,"href":"https:\/\/www.brasserieduperche.com\/en\/wp-json\/wp\/v2\/media\/6476"}],"wp:attachment":[{"href":"https:\/\/www.brasserieduperche.com\/en\/wp-json\/wp\/v2\/media?parent=6475"}],"wp:term":[{"taxonomy":"product_brand","embeddable":true,"href":"https:\/\/www.brasserieduperche.com\/en\/wp-json\/wp\/v2\/product_brand?post=6475"},{"taxonomy":"product_cat","embeddable":true,"href":"https:\/\/www.brasserieduperche.com\/en\/wp-json\/wp\/v2\/product_cat?post=6475"},{"taxonomy":"product_tag","embeddable":true,"href":"https:\/\/www.brasserieduperche.com\/en\/wp-json\/wp\/v2\/product_tag?post=6475"}],"curies":[{"name":"wp","href":"https:\/\/api.w.org\/{rel}","templated":true}]}}