{"id":8798,"date":"2024-03-13T22:16:03","date_gmt":"2024-03-13T21:16:03","guid":{"rendered":"https:\/\/www.brasserieduperche.com\/?post_type=product&#038;p=8798"},"modified":"2025-01-10T20:07:02","modified_gmt":"2025-01-10T19:07:02","slug":"pizzas-une-a-deux-personnes-29-cm-dia","status":"publish","type":"product","link":"https:\/\/www.brasserieduperche.com\/en\/product\/pizzas-une-a-deux-personnes-29-cm-dia\/","title":{"rendered":"Pizzas une \u00e0 deux personnes 29 cm dia."},"content":{"rendered":"","protected":false},"excerpt":{"rendered":"<p style=\"text-align: center;\"><strong>Rajoutez le coulis de miel \u00e9pic\u00e9 ci-dessous<\/strong><\/p>\n<p>Une des tendances populaires de ces derni\u00e8res ann\u00e9es qui donne un go\u00fbt addictif, \u00e0 la fois piquant et sucr\u00e9 pour compl\u00e9ter parfaitement votre pizza!<\/p>","protected":false},"featured_media":7970,"template":"","meta":[],"product_brand":[],"product_cat":[91],"product_tag":[],"class_list":{"0":"post-8798","1":"product","2":"type-product","3":"status-publish","4":"has-post-thumbnail","6":"product_cat-snacks","8":"first","9":"outofstock","10":"featured","11":"shipping-taxable","12":"product-type-variable","13":"has-default-attributes"},"_links":{"self":[{"href":"https:\/\/www.brasserieduperche.com\/en\/wp-json\/wp\/v2\/product\/8798","targetHints":{"allow":["GET"]}}],"collection":[{"href":"https:\/\/www.brasserieduperche.com\/en\/wp-json\/wp\/v2\/product"}],"about":[{"href":"https:\/\/www.brasserieduperche.com\/en\/wp-json\/wp\/v2\/types\/product"}],"wp:featuredmedia":[{"embeddable":true,"href":"https:\/\/www.brasserieduperche.com\/en\/wp-json\/wp\/v2\/media\/7970"}],"wp:attachment":[{"href":"https:\/\/www.brasserieduperche.com\/en\/wp-json\/wp\/v2\/media?parent=8798"}],"wp:term":[{"taxonomy":"product_brand","embeddable":true,"href":"https:\/\/www.brasserieduperche.com\/en\/wp-json\/wp\/v2\/product_brand?post=8798"},{"taxonomy":"product_cat","embeddable":true,"href":"https:\/\/www.brasserieduperche.com\/en\/wp-json\/wp\/v2\/product_cat?post=8798"},{"taxonomy":"product_tag","embeddable":true,"href":"https:\/\/www.brasserieduperche.com\/en\/wp-json\/wp\/v2\/product_tag?post=8798"}],"curies":[{"name":"wp","href":"https:\/\/api.w.org\/{rel}","templated":true}]}}